{"id":1808,"date":"2026-01-11T12:19:29","date_gmt":"2026-01-11T11:19:29","guid":{"rendered":"https:\/\/christian-schelbert.ch\/shop\/"},"modified":"2026-04-23T17:32:25","modified_gmt":"2026-04-23T15:32:25","slug":"shop","status":"publish","type":"page","link":"https:\/\/christian-schelbert.ch\/?page_id=1808","title":{"rendered":"Shop"},"content":{"rendered":"\n<p>Mailorder: Wenn du gerne etwas m\u00f6chtest, schreibe mir eine E-Mail (info(at)christian-schelbert.ch) mit dem Produktenamen, wenn n\u00f6tig Spezifikationen (Gr\u00f6sse, Farbe usw.), Menge und Lieferadresse. Nach erfolgter Zahlung (siehe Infos ganz am Schluss) sende ich dir die Produkte gerne zu.<\/p>\n\n\n\n<p>Zudem habe ich viele <a href=\"https:\/\/christian-schelbert.ch\/?page_id=2152\" data-type=\"page\" data-id=\"2152\">Ideen <\/a>welche auf eine Umsetzung warten, bei Interesse einfach melden.<\/p>\n\n\n\n<figure class=\"wp-block-image size-large\"><img loading=\"lazy\" decoding=\"async\" width=\"1024\" height=\"717\" src=\"http:\/\/christian-schelbert.ch\/wp-content\/uploads\/2026\/04\/IMG_20260420_163355-scaled-e1776958314518-1024x717.jpg\" alt=\"\" class=\"wp-image-2172\" srcset=\"https:\/\/christian-schelbert.ch\/wp-content\/uploads\/2026\/04\/IMG_20260420_163355-scaled-e1776958314518-1024x717.jpg 1024w, https:\/\/christian-schelbert.ch\/wp-content\/uploads\/2026\/04\/IMG_20260420_163355-scaled-e1776958314518-300x210.jpg 300w, https:\/\/christian-schelbert.ch\/wp-content\/uploads\/2026\/04\/IMG_20260420_163355-scaled-e1776958314518-768x538.jpg 768w, https:\/\/christian-schelbert.ch\/wp-content\/uploads\/2026\/04\/IMG_20260420_163355-scaled-e1776958314518-1536x1075.jpg 1536w, https:\/\/christian-schelbert.ch\/wp-content\/uploads\/2026\/04\/IMG_20260420_163355-scaled-e1776958314518-2048x1434.jpg 2048w, https:\/\/christian-schelbert.ch\/wp-content\/uploads\/2026\/04\/IMG_20260420_163355-scaled-e1776958314518-150x105.jpg 150w, https:\/\/christian-schelbert.ch\/wp-content\/uploads\/2026\/04\/IMG_20260420_163355-scaled-e1776958314518-1000x700.jpg 1000w\" sizes=\"auto, (max-width: 1024px) 100vw, 1024px\" \/><\/figure>\n\n\n\n<figure class=\"wp-block-gallery has-nested-images columns-default is-cropped wp-block-gallery-1 is-layout-flex wp-block-gallery-is-layout-flex\">\n<figure class=\"wp-block-image size-large\"><img loading=\"lazy\" decoding=\"async\" width=\"1024\" height=\"768\" data-id=\"2174\" src=\"https:\/\/christian-schelbert.ch\/wp-content\/uploads\/2026\/04\/IMG_20260420_163408-1024x768.jpg\" alt=\"\" class=\"wp-image-2174\" srcset=\"https:\/\/christian-schelbert.ch\/wp-content\/uploads\/2026\/04\/IMG_20260420_163408-1024x768.jpg 1024w, https:\/\/christian-schelbert.ch\/wp-content\/uploads\/2026\/04\/IMG_20260420_163408-300x225.jpg 300w, https:\/\/christian-schelbert.ch\/wp-content\/uploads\/2026\/04\/IMG_20260420_163408-768x576.jpg 768w, https:\/\/christian-schelbert.ch\/wp-content\/uploads\/2026\/04\/IMG_20260420_163408-1536x1152.jpg 1536w, https:\/\/christian-schelbert.ch\/wp-content\/uploads\/2026\/04\/IMG_20260420_163408-2048x1536.jpg 2048w, https:\/\/christian-schelbert.ch\/wp-content\/uploads\/2026\/04\/IMG_20260420_163408-150x112.jpg 150w, https:\/\/christian-schelbert.ch\/wp-content\/uploads\/2026\/04\/IMG_20260420_163408-1000x750.jpg 1000w\" sizes=\"auto, (max-width: 1024px) 100vw, 1024px\" \/><\/figure>\n\n\n\n<figure class=\"wp-block-image size-large\"><img loading=\"lazy\" decoding=\"async\" width=\"1024\" height=\"768\" data-id=\"2173\" src=\"https:\/\/christian-schelbert.ch\/wp-content\/uploads\/2026\/04\/IMG_20260420_163427-1024x768.jpg\" alt=\"\" class=\"wp-image-2173\" srcset=\"https:\/\/christian-schelbert.ch\/wp-content\/uploads\/2026\/04\/IMG_20260420_163427-1024x768.jpg 1024w, https:\/\/christian-schelbert.ch\/wp-content\/uploads\/2026\/04\/IMG_20260420_163427-300x225.jpg 300w, https:\/\/christian-schelbert.ch\/wp-content\/uploads\/2026\/04\/IMG_20260420_163427-768x576.jpg 768w, https:\/\/christian-schelbert.ch\/wp-content\/uploads\/2026\/04\/IMG_20260420_163427-1536x1152.jpg 1536w, https:\/\/christian-schelbert.ch\/wp-content\/uploads\/2026\/04\/IMG_20260420_163427-2048x1536.jpg 2048w, https:\/\/christian-schelbert.ch\/wp-content\/uploads\/2026\/04\/IMG_20260420_163427-150x112.jpg 150w, https:\/\/christian-schelbert.ch\/wp-content\/uploads\/2026\/04\/IMG_20260420_163427-1000x750.jpg 1000w\" sizes=\"auto, (max-width: 1024px) 100vw, 1024px\" \/><\/figure>\n<\/figure>\n\n\n\n<p><strong>Notizbuch<\/strong><br><strong>Abmessungen<\/strong>: A5<br><strong>Material<\/strong>: Recyclingpapier<br><strong>Produktion<\/strong>: Hochwertiger Druck in der Schweiz<br><strong>Preis<\/strong>: 22 Fr.<br>Die ersten 34 Seiten zeigen Farbkombinationen als Inspiration f\u00fcr eine buntere Welt. Die zweite H\u00e4lfte besteht aus Notizbl\u00e4ttern aus recyceltem Altpapier (R\u00fcckseite teilweise bedruckt). Die Ringe k\u00f6nnen ge\u00f6ffnet werden, sodass das Notizbuch wiederbef\u00fcllt werden kann.<br><br><\/p>\n\n\n\n<figure class=\"wp-block-gallery has-nested-images columns-default is-cropped wp-block-gallery-2 is-layout-flex wp-block-gallery-is-layout-flex\">\n<figure class=\"wp-block-image size-large\"><img loading=\"lazy\" decoding=\"async\" width=\"1024\" height=\"1024\" data-id=\"2135\" src=\"https:\/\/christian-schelbert.ch\/wp-content\/uploads\/2026\/04\/Coffee_-1024x1024.jpg\" alt=\"\" class=\"wp-image-2135\" srcset=\"https:\/\/christian-schelbert.ch\/wp-content\/uploads\/2026\/04\/Coffee_-1024x1024.jpg 1024w, https:\/\/christian-schelbert.ch\/wp-content\/uploads\/2026\/04\/Coffee_-300x300.jpg 300w, https:\/\/christian-schelbert.ch\/wp-content\/uploads\/2026\/04\/Coffee_-150x150.jpg 150w, https:\/\/christian-schelbert.ch\/wp-content\/uploads\/2026\/04\/Coffee_-768x768.jpg 768w, https:\/\/christian-schelbert.ch\/wp-content\/uploads\/2026\/04\/Coffee_-1536x1536.jpg 1536w, https:\/\/christian-schelbert.ch\/wp-content\/uploads\/2026\/04\/Coffee_-2048x2048.jpg 2048w, https:\/\/christian-schelbert.ch\/wp-content\/uploads\/2026\/04\/Coffee_-62x62.jpg 62w, https:\/\/christian-schelbert.ch\/wp-content\/uploads\/2026\/04\/Coffee_-1000x1000.jpg 1000w\" sizes=\"auto, (max-width: 1024px) 100vw, 1024px\" \/><\/figure>\n\n\n\n<figure class=\"wp-block-image size-large\"><img loading=\"lazy\" decoding=\"async\" width=\"768\" height=\"1024\" data-id=\"2136\" src=\"https:\/\/christian-schelbert.ch\/wp-content\/uploads\/2026\/04\/IMG_20260413_105849-768x1024.jpg\" alt=\"\" class=\"wp-image-2136\" srcset=\"https:\/\/christian-schelbert.ch\/wp-content\/uploads\/2026\/04\/IMG_20260413_105849-768x1024.jpg 768w, https:\/\/christian-schelbert.ch\/wp-content\/uploads\/2026\/04\/IMG_20260413_105849-225x300.jpg 225w, https:\/\/christian-schelbert.ch\/wp-content\/uploads\/2026\/04\/IMG_20260413_105849-1152x1536.jpg 1152w, https:\/\/christian-schelbert.ch\/wp-content\/uploads\/2026\/04\/IMG_20260413_105849-1536x2048.jpg 1536w, https:\/\/christian-schelbert.ch\/wp-content\/uploads\/2026\/04\/IMG_20260413_105849-112x150.jpg 112w, https:\/\/christian-schelbert.ch\/wp-content\/uploads\/2026\/04\/IMG_20260413_105849-1000x1333.jpg 1000w, https:\/\/christian-schelbert.ch\/wp-content\/uploads\/2026\/04\/IMG_20260413_105849-scaled.jpg 1920w\" sizes=\"auto, (max-width: 768px) 100vw, 768px\" \/><\/figure>\n\n\n\n<figure class=\"wp-block-image size-large\"><img loading=\"lazy\" decoding=\"async\" width=\"1024\" height=\"673\" data-id=\"2134\" src=\"https:\/\/christian-schelbert.ch\/wp-content\/uploads\/2026\/04\/IMG_20260413_110150-1024x673.jpg\" alt=\"\" class=\"wp-image-2134\" srcset=\"https:\/\/christian-schelbert.ch\/wp-content\/uploads\/2026\/04\/IMG_20260413_110150-1024x673.jpg 1024w, https:\/\/christian-schelbert.ch\/wp-content\/uploads\/2026\/04\/IMG_20260413_110150-300x197.jpg 300w, https:\/\/christian-schelbert.ch\/wp-content\/uploads\/2026\/04\/IMG_20260413_110150-768x505.jpg 768w, https:\/\/christian-schelbert.ch\/wp-content\/uploads\/2026\/04\/IMG_20260413_110150-1536x1010.jpg 1536w, https:\/\/christian-schelbert.ch\/wp-content\/uploads\/2026\/04\/IMG_20260413_110150-2048x1346.jpg 2048w, https:\/\/christian-schelbert.ch\/wp-content\/uploads\/2026\/04\/IMG_20260413_110150-150x99.jpg 150w, https:\/\/christian-schelbert.ch\/wp-content\/uploads\/2026\/04\/IMG_20260413_110150-1000x657.jpg 1000w\" sizes=\"auto, (max-width: 1024px) 100vw, 1024px\" \/><\/figure>\n<\/figure>\n\n\n\n<p><strong>Print Coffee<\/strong><br><strong>Abmasse<\/strong>: 500 x 500 mm<br><strong>Material<\/strong>: Alu Dibond Platte 3mm Dick, 4x 13mm Bohrungen in den Ecken<br><strong>Produktion<\/strong>: hochwertiger matter Duck in der Schweiz<br>Preis: 55 Fr.<br>Weitere <a href=\"https:\/\/christian-schelbert.ch\/?page_id=1536\" data-type=\"page\" data-id=\"1536\" target=\"_blank\" rel=\"noreferrer noopener\">Grafiken <\/a>auf Anfrage<br><br><\/p>\n\n\n\n<figure class=\"wp-block-gallery has-nested-images columns-default is-cropped wp-block-gallery-3 is-layout-flex wp-block-gallery-is-layout-flex\">\n<figure class=\"wp-block-image size-large\"><img loading=\"lazy\" decoding=\"async\" width=\"1024\" height=\"1024\" data-id=\"2110\" src=\"https:\/\/christian-schelbert.ch\/wp-content\/uploads\/2026\/04\/bilder-mit-kleider-2-1-1024x1024.jpg\" alt=\"\" class=\"wp-image-2110\" srcset=\"https:\/\/christian-schelbert.ch\/wp-content\/uploads\/2026\/04\/bilder-mit-kleider-2-1-1024x1024.jpg 1024w, https:\/\/christian-schelbert.ch\/wp-content\/uploads\/2026\/04\/bilder-mit-kleider-2-1-300x300.jpg 300w, https:\/\/christian-schelbert.ch\/wp-content\/uploads\/2026\/04\/bilder-mit-kleider-2-1-150x150.jpg 150w, https:\/\/christian-schelbert.ch\/wp-content\/uploads\/2026\/04\/bilder-mit-kleider-2-1-768x768.jpg 768w, https:\/\/christian-schelbert.ch\/wp-content\/uploads\/2026\/04\/bilder-mit-kleider-2-1-1536x1536.jpg 1536w, https:\/\/christian-schelbert.ch\/wp-content\/uploads\/2026\/04\/bilder-mit-kleider-2-1-2048x2048.jpg 2048w, https:\/\/christian-schelbert.ch\/wp-content\/uploads\/2026\/04\/bilder-mit-kleider-2-1-62x62.jpg 62w, https:\/\/christian-schelbert.ch\/wp-content\/uploads\/2026\/04\/bilder-mit-kleider-2-1-1000x1000.jpg 1000w\" sizes=\"auto, (max-width: 1024px) 100vw, 1024px\" \/><\/figure>\n\n\n\n<figure class=\"wp-block-image size-large\"><img loading=\"lazy\" decoding=\"async\" width=\"1024\" height=\"726\" data-id=\"2109\" src=\"https:\/\/christian-schelbert.ch\/wp-content\/uploads\/2026\/04\/Unbenannt-1-2-1-1024x726.jpg\" alt=\"\" class=\"wp-image-2109\" srcset=\"https:\/\/christian-schelbert.ch\/wp-content\/uploads\/2026\/04\/Unbenannt-1-2-1-1024x726.jpg 1024w, https:\/\/christian-schelbert.ch\/wp-content\/uploads\/2026\/04\/Unbenannt-1-2-1-300x213.jpg 300w, https:\/\/christian-schelbert.ch\/wp-content\/uploads\/2026\/04\/Unbenannt-1-2-1-768x545.jpg 768w, https:\/\/christian-schelbert.ch\/wp-content\/uploads\/2026\/04\/Unbenannt-1-2-1-1536x1090.jpg 1536w, https:\/\/christian-schelbert.ch\/wp-content\/uploads\/2026\/04\/Unbenannt-1-2-1-150x106.jpg 150w, https:\/\/christian-schelbert.ch\/wp-content\/uploads\/2026\/04\/Unbenannt-1-2-1-1000x709.jpg 1000w, https:\/\/christian-schelbert.ch\/wp-content\/uploads\/2026\/04\/Unbenannt-1-2-1.jpg 1748w\" sizes=\"auto, (max-width: 1024px) 100vw, 1024px\" \/><\/figure>\n<\/figure>\n\n\n\n<p><strong>Harness<\/strong><br><strong>Abmasse<\/strong>: 98\u00d7 133 \u00d7 3 mm (H \u00d7 B \u00d7 T)<br><strong>Material<\/strong>: Edelstahl, hergestellt in Bern (Verarbeitung ist sichtbar, feine Laserschnittkanten)<br><strong>Produktion<\/strong>: in Bern (Metallverarbeitung)<br><strong>Seil<\/strong>: \u23006mm, 2m lang (kann gek\u00fcrzt werden), Nylon, Farben: schwarz, weiss, orange, violet, rot, gr\u00fcn, blau, gelb<br><strong>Verpackungsmaterial<\/strong>: ReUse aus dem Offcut Bern<br><strong>Preis<\/strong>: 65 Fr.<br><br><\/p>\n\n\n\n<figure class=\"wp-block-gallery has-nested-images columns-default is-cropped wp-block-gallery-4 is-layout-flex wp-block-gallery-is-layout-flex\">\n<figure class=\"wp-block-image size-large\"><img loading=\"lazy\" decoding=\"async\" width=\"1024\" height=\"1005\" data-id=\"2065\" src=\"https:\/\/christian-schelbert.ch\/wp-content\/uploads\/2026\/03\/DSC03358-1024x1005.jpg\" alt=\"\" class=\"wp-image-2065\" srcset=\"https:\/\/christian-schelbert.ch\/wp-content\/uploads\/2026\/03\/DSC03358-1024x1005.jpg 1024w, https:\/\/christian-schelbert.ch\/wp-content\/uploads\/2026\/03\/DSC03358-300x294.jpg 300w, https:\/\/christian-schelbert.ch\/wp-content\/uploads\/2026\/03\/DSC03358-768x753.jpg 768w, https:\/\/christian-schelbert.ch\/wp-content\/uploads\/2026\/03\/DSC03358-1536x1507.jpg 1536w, https:\/\/christian-schelbert.ch\/wp-content\/uploads\/2026\/03\/DSC03358-2048x2009.jpg 2048w, https:\/\/christian-schelbert.ch\/wp-content\/uploads\/2026\/03\/DSC03358-150x147.jpg 150w, https:\/\/christian-schelbert.ch\/wp-content\/uploads\/2026\/03\/DSC03358-62x62.jpg 62w, https:\/\/christian-schelbert.ch\/wp-content\/uploads\/2026\/03\/DSC03358-1000x981.jpg 1000w\" sizes=\"auto, (max-width: 1024px) 100vw, 1024px\" \/><\/figure>\n\n\n\n<figure class=\"wp-block-image size-large\"><img loading=\"lazy\" decoding=\"async\" width=\"1024\" height=\"972\" data-id=\"2066\" src=\"https:\/\/christian-schelbert.ch\/wp-content\/uploads\/2026\/03\/DSC03361-1024x972.jpg\" alt=\"\" class=\"wp-image-2066\" srcset=\"https:\/\/christian-schelbert.ch\/wp-content\/uploads\/2026\/03\/DSC03361-1024x972.jpg 1024w, https:\/\/christian-schelbert.ch\/wp-content\/uploads\/2026\/03\/DSC03361-300x285.jpg 300w, https:\/\/christian-schelbert.ch\/wp-content\/uploads\/2026\/03\/DSC03361-768x729.jpg 768w, https:\/\/christian-schelbert.ch\/wp-content\/uploads\/2026\/03\/DSC03361-1536x1458.jpg 1536w, https:\/\/christian-schelbert.ch\/wp-content\/uploads\/2026\/03\/DSC03361-2048x1944.jpg 2048w, https:\/\/christian-schelbert.ch\/wp-content\/uploads\/2026\/03\/DSC03361-150x142.jpg 150w, https:\/\/christian-schelbert.ch\/wp-content\/uploads\/2026\/03\/DSC03361-1000x949.jpg 1000w\" sizes=\"auto, (max-width: 1024px) 100vw, 1024px\" \/><\/figure>\n\n\n\n<figure class=\"wp-block-image size-large\"><img loading=\"lazy\" decoding=\"async\" width=\"1024\" height=\"1024\" data-id=\"2067\" src=\"https:\/\/christian-schelbert.ch\/wp-content\/uploads\/2026\/03\/DSC03370_-1024x1024.jpg\" alt=\"\" class=\"wp-image-2067\" srcset=\"https:\/\/christian-schelbert.ch\/wp-content\/uploads\/2026\/03\/DSC03370_-1024x1024.jpg 1024w, https:\/\/christian-schelbert.ch\/wp-content\/uploads\/2026\/03\/DSC03370_-300x300.jpg 300w, https:\/\/christian-schelbert.ch\/wp-content\/uploads\/2026\/03\/DSC03370_-150x150.jpg 150w, https:\/\/christian-schelbert.ch\/wp-content\/uploads\/2026\/03\/DSC03370_-768x768.jpg 768w, https:\/\/christian-schelbert.ch\/wp-content\/uploads\/2026\/03\/DSC03370_-1536x1536.jpg 1536w, https:\/\/christian-schelbert.ch\/wp-content\/uploads\/2026\/03\/DSC03370_-2048x2048.jpg 2048w, https:\/\/christian-schelbert.ch\/wp-content\/uploads\/2026\/03\/DSC03370_-62x62.jpg 62w, https:\/\/christian-schelbert.ch\/wp-content\/uploads\/2026\/03\/DSC03370_-1000x1000.jpg 1000w\" sizes=\"auto, (max-width: 1024px) 100vw, 1024px\" \/><\/figure>\n<\/figure>\n\n\n\n<p><strong>Hocker<\/strong><br><strong>Abmasse<\/strong>: 430 \u00d7 390 \u00d7 300 mm (H \u00d7 B \u00d7 T)<br><strong>Gestell<\/strong>: Stahlblech, 3 mm, pulverbeschichtet, (RAL-)Farbe nach Wunsch<br><strong>Sitzfl\u00e4che<\/strong>: Recyclingplatte, Einzelst\u00fcck (auf den Bildern: Eichentischplatte, bedruckte MDF-Platte) mit Gebrausspuren<br><strong>Produktion<\/strong>: in Bern (Metall-, Holzverarbeitung und Lackierung)<br><strong>Lieferzeit<\/strong>: ca. 3-4 Wochen (Produktion auf Bestellung) <br><strong>Preis<\/strong>: 350 Fr.<br><br><\/p>\n\n\n\n<figure class=\"wp-block-gallery has-nested-images columns-default is-cropped wp-block-gallery-5 is-layout-flex wp-block-gallery-is-layout-flex\">\n<figure class=\"wp-block-image size-large\"><img loading=\"lazy\" decoding=\"async\" width=\"1024\" height=\"1024\" data-id=\"2089\" src=\"https:\/\/christian-schelbert.ch\/wp-content\/uploads\/2026\/04\/Unbenannt-1-1024x1024.jpg\" alt=\"\" class=\"wp-image-2089\" srcset=\"https:\/\/christian-schelbert.ch\/wp-content\/uploads\/2026\/04\/Unbenannt-1-1024x1024.jpg 1024w, https:\/\/christian-schelbert.ch\/wp-content\/uploads\/2026\/04\/Unbenannt-1-300x300.jpg 300w, https:\/\/christian-schelbert.ch\/wp-content\/uploads\/2026\/04\/Unbenannt-1-150x150.jpg 150w, https:\/\/christian-schelbert.ch\/wp-content\/uploads\/2026\/04\/Unbenannt-1-768x768.jpg 768w, https:\/\/christian-schelbert.ch\/wp-content\/uploads\/2026\/04\/Unbenannt-1-1536x1536.jpg 1536w, https:\/\/christian-schelbert.ch\/wp-content\/uploads\/2026\/04\/Unbenannt-1-2048x2048.jpg 2048w, https:\/\/christian-schelbert.ch\/wp-content\/uploads\/2026\/04\/Unbenannt-1-62x62.jpg 62w, https:\/\/christian-schelbert.ch\/wp-content\/uploads\/2026\/04\/Unbenannt-1-1000x1000.jpg 1000w\" sizes=\"auto, (max-width: 1024px) 100vw, 1024px\" \/><\/figure>\n\n\n\n<figure class=\"wp-block-image size-large\"><img loading=\"lazy\" decoding=\"async\" width=\"1024\" height=\"1024\" data-id=\"2090\" src=\"https:\/\/christian-schelbert.ch\/wp-content\/uploads\/2026\/04\/Unbenannt-2-1024x1024.jpg\" alt=\"\" class=\"wp-image-2090\" srcset=\"https:\/\/christian-schelbert.ch\/wp-content\/uploads\/2026\/04\/Unbenannt-2-1024x1024.jpg 1024w, https:\/\/christian-schelbert.ch\/wp-content\/uploads\/2026\/04\/Unbenannt-2-300x300.jpg 300w, https:\/\/christian-schelbert.ch\/wp-content\/uploads\/2026\/04\/Unbenannt-2-150x150.jpg 150w, https:\/\/christian-schelbert.ch\/wp-content\/uploads\/2026\/04\/Unbenannt-2-768x768.jpg 768w, https:\/\/christian-schelbert.ch\/wp-content\/uploads\/2026\/04\/Unbenannt-2-1536x1536.jpg 1536w, https:\/\/christian-schelbert.ch\/wp-content\/uploads\/2026\/04\/Unbenannt-2-2048x2048.jpg 2048w, https:\/\/christian-schelbert.ch\/wp-content\/uploads\/2026\/04\/Unbenannt-2-62x62.jpg 62w, https:\/\/christian-schelbert.ch\/wp-content\/uploads\/2026\/04\/Unbenannt-2-1000x1000.jpg 1000w\" sizes=\"auto, (max-width: 1024px) 100vw, 1024px\" \/><\/figure>\n<\/figure>\n\n\n\n<p><strong>Karabiner &#8222;not for shibari<\/strong>&#8222;<br><strong>Abmasse<\/strong>: 63 \u00d7 48 \u00d7 6 mm (L \u00d7 B \u00d7 H)<br><strong>Marterial<\/strong>: PLA 3D-Druck, Edelstahlstifte<br><strong>Produktion<\/strong>: in der eigenen Werkstatt<br><strong>Preis<\/strong>: 5 Fr. (nur in Kombination mit einem anderen Produkt)<\/p>\n\n\n<div class=\"wp-block-image\">\n<figure class=\"aligncenter size-full is-resized\"><img loading=\"lazy\" decoding=\"async\" width=\"600\" height=\"600\" src=\"https:\/\/christian-schelbert.ch\/wp-content\/uploads\/2026\/03\/More-Coming-Soon.png\" alt=\"\" class=\"wp-image-2073\" style=\"width:336px;height:auto\" srcset=\"https:\/\/christian-schelbert.ch\/wp-content\/uploads\/2026\/03\/More-Coming-Soon.png 600w, https:\/\/christian-schelbert.ch\/wp-content\/uploads\/2026\/03\/More-Coming-Soon-300x300.png 300w, https:\/\/christian-schelbert.ch\/wp-content\/uploads\/2026\/03\/More-Coming-Soon-150x150.png 150w, https:\/\/christian-schelbert.ch\/wp-content\/uploads\/2026\/03\/More-Coming-Soon-62x62.png 62w\" sizes=\"auto, (max-width: 600px) 100vw, 600px\" \/><\/figure>\n<\/div>\n\n\n<p><strong>Zahlungsverbindung<\/strong><br>Twint: 077 4$$ 00 17 ($=5)<br>Bankverbindung: Produktedesign Christian Schelbert, 3008 Bern<br>IBAN: CH18 8080 8006 3288 4024 6 <br>BC-Nr.: 80808, SWIFT-BIC: RAIFCH22<\/p>\n\n\n\n<p>QR-Code f\u00fcr E-Banking:<\/p>\n\n\n\n<figure class=\"wp-block-image size-full\"><img loading=\"lazy\" decoding=\"async\" width=\"249\" height=\"240\" src=\"https:\/\/christian-schelbert.ch\/wp-content\/uploads\/2026\/03\/Raiffeisen_1774516684247.jpg\" alt=\"\" class=\"wp-image-2070\" srcset=\"https:\/\/christian-schelbert.ch\/wp-content\/uploads\/2026\/03\/Raiffeisen_1774516684247.jpg 249w, https:\/\/christian-schelbert.ch\/wp-content\/uploads\/2026\/03\/Raiffeisen_1774516684247-150x145.jpg 150w\" sizes=\"auto, (max-width: 249px) 100vw, 249px\" \/><\/figure>\n\n\n\n<p><\/p>\n","protected":false},"excerpt":{"rendered":"<p>Mailorder: Wenn du gerne etwas m\u00f6chtest, schreibe mir eine E-Mail (info(at)christian-schelbert.ch) mit dem Produktenamen, wenn n\u00f6tig Spezifikationen (Gr\u00f6sse, Farbe usw.), Menge und Lieferadresse. Nach erfolgter Zahlung (siehe Infos ganz am Schluss) sende ich dir die Produkte gerne zu. Zudem habe ich viele Ideen welche auf eine Umsetzung warten, bei Interesse einfach melden. NotizbuchAbmessungen: A5Material: RecyclingpapierProduktion: [&hellip;]<\/p>\n","protected":false},"author":1,"featured_media":0,"parent":0,"menu_order":0,"comment_status":"closed","ping_status":"closed","template":"","meta":{"footnotes":""},"class_list":["post-1808","page","type-page","status-publish","hentry"],"_links":{"self":[{"href":"https:\/\/christian-schelbert.ch\/index.php?rest_route=\/wp\/v2\/pages\/1808","targetHints":{"allow":["GET"]}}],"collection":[{"href":"https:\/\/christian-schelbert.ch\/index.php?rest_route=\/wp\/v2\/pages"}],"about":[{"href":"https:\/\/christian-schelbert.ch\/index.php?rest_route=\/wp\/v2\/types\/page"}],"author":[{"embeddable":true,"href":"https:\/\/christian-schelbert.ch\/index.php?rest_route=\/wp\/v2\/users\/1"}],"replies":[{"embeddable":true,"href":"https:\/\/christian-schelbert.ch\/index.php?rest_route=%2Fwp%2Fv2%2Fcomments&post=1808"}],"version-history":[{"count":35,"href":"https:\/\/christian-schelbert.ch\/index.php?rest_route=\/wp\/v2\/pages\/1808\/revisions"}],"predecessor-version":[{"id":2183,"href":"https:\/\/christian-schelbert.ch\/index.php?rest_route=\/wp\/v2\/pages\/1808\/revisions\/2183"}],"wp:attachment":[{"href":"https:\/\/christian-schelbert.ch\/index.php?rest_route=%2Fwp%2Fv2%2Fmedia&parent=1808"}],"curies":[{"name":"wp","href":"https:\/\/api.w.org\/{rel}","templated":true}]}}